{"id":4,"date":"2020-08-19T16:08:38","date_gmt":"2020-08-19T16:08:38","guid":{"rendered":"https:\/\/labmare.dltm.it\/?page_id=4"},"modified":"2025-07-02T14:33:57","modified_gmt":"2025-07-02T12:33:57","slug":"home-labmare-dltm","status":"publish","type":"page","link":"https:\/\/labmare.dltm.it\/en\/","title":{"rendered":"Home"},"content":{"rendered":"<div class=\"fusion-fullwidth fullwidth-box fusion-builder-row-1 fusion-flex-container has-pattern-background has-mask-background hundred-percent-fullwidth non-hundred-percent-height-scrolling\" style=\"--awb-border-sizes-top:2px;--awb-border-sizes-bottom:2px;--awb-border-color:var(--awb-custom_color_1);--awb-border-radius-top-left:0px;--awb-border-radius-top-right:0px;--awb-border-radius-bottom-right:0px;--awb-border-radius-bottom-left:0px;--awb-padding-top:0px;--awb-padding-bottom:0px;--awb-background-color:var(--awb-color4);--awb-flex-wrap:wrap;\" ><div class=\"fusion-builder-row fusion-row fusion-flex-align-items-stretch fusion-flex-justify-content-center fusion-flex-content-wrap\" style=\"width:104% !important;max-width:104% !important;margin-left: calc(-4% \/ 2 );margin-right: calc(-4% \/ 2 );\"><div class=\"fusion-layout-column fusion_builder_column fusion-builder-column-0 fusion_builder_column_1_1 1_1 fusion-flex-column block-text-h\" style=\"--awb-bg-size:cover;--awb-width-large:100%;--awb-margin-top-large:20px;--awb-spacing-right-large:1.92%;--awb-margin-bottom-large:20px;--awb-spacing-left-large:1.92%;--awb-width-medium:100%;--awb-order-medium:0;--awb-spacing-right-medium:1.92%;--awb-spacing-left-medium:1.92%;--awb-width-small:100%;--awb-order-small:0;--awb-spacing-right-small:1.92%;--awb-spacing-left-small:1.92%;\" data-scroll-devices=\"small-visibility,medium-visibility,large-visibility\"><div class=\"fusion-column-wrapper fusion-column-has-shadow fusion-flex-justify-content-flex-start fusion-content-layout-column\"><div class=\"fusion-text fusion-text-1 fusion-animated\" style=\"--awb-content-alignment:justify;--awb-text-color:var(--awb-custom_color_1);--awb-margin-right:3%;--awb-margin-left:3%;\" data-animationtype=\"fadeInDown\" data-animationduration=\"0.3\" data-animationdelay=\"1.5\" data-animationoffset=\"top-into-view\"><h5 style=\"text-align: center;\">Il Laboratorio Mare \u00e8 un progetto condiviso e realizzato da Ingv, Enea, Cnr-Ismar e Istituto Idrografico della Marina con il coordinamento del Distretto Ligure delle Tecnologie Marine &#8211; DLTM, che ha le finalit\u00e0 di monitorare la qualit\u00e0 delle acque e dell\u2019ambiente marino e tutelarne lo stato di salute. \u00c8 composto da due Stazioni: quella Costiera, laboratorio hi-tech a 10 metri di profondit\u00e0 nella baia di Santa Teresa, che effettua il campionamento delle plastiche e delle bioplastiche collocate in speciali gabbie e da quella Offshore, un osservatorio sottomarino profondo multidisciplinare denominato \u201cLevante Canyon Mooring\u201d, posizionato al largo delle Cinque Terre per lo studio dei cambiamenti climatici, la protezione degli ecosistemi marini e la mitigazione dei rischi naturali.<\/h5>\n<\/div><\/div><\/div><\/div><\/div>","protected":false},"excerpt":{"rendered":"","protected":false},"author":1,"featured_media":0,"parent":0,"menu_order":0,"comment_status":"closed","ping_status":"open","template":"100-width.php","meta":{"footnotes":""},"class_list":["post-4","page","type-page","status-publish","hentry"],"yoast_head":"<!-- This site is optimized with the Yoast SEO plugin v27.3 - https:\/\/yoast.com\/product\/yoast-seo-wordpress\/ -->\n<title>Home - Lab MARE - DLTM<\/title>\n<meta name=\"description\" content=\"Il Laboratorio Mare \u00e8 un progetto del DLTM, che ha le finalit\u00e0 di monitorare la qualit\u00e0 delle acque e dell\u2019ambiente marino\" \/>\n<meta name=\"robots\" content=\"index, follow, max-snippet:-1, max-image-preview:large, max-video-preview:-1\" \/>\n<link rel=\"canonical\" href=\"https:\/\/labmare.dltm.it\/en\/\" \/>\n<meta property=\"og:locale\" content=\"en_US\" \/>\n<meta property=\"og:type\" content=\"article\" \/>\n<meta property=\"og:title\" content=\"Home - Lab MARE - DLTM\" \/>\n<meta property=\"og:description\" content=\"Il Laboratorio Mare \u00e8 un progetto del DLTM, che ha le finalit\u00e0 di monitorare la qualit\u00e0 delle acque e dell\u2019ambiente marino\" \/>\n<meta property=\"og:url\" content=\"https:\/\/labmare.dltm.it\/en\/\" \/>\n<meta property=\"og:site_name\" content=\"Lab MARE\" \/>\n<meta property=\"article:modified_time\" content=\"2025-07-02T12:33:57+00:00\" \/>\n<meta property=\"og:image\" content=\"https:\/\/labmare.dltm.it\/wp-content\/uploads\/2023\/03\/Lab-Mare.jpg\" \/>\n\t<meta property=\"og:image:width\" content=\"872\" \/>\n\t<meta property=\"og:image:height\" content=\"871\" \/>\n\t<meta property=\"og:image:type\" content=\"image\/jpeg\" \/>\n<meta name=\"twitter:card\" content=\"summary_large_image\" \/>\n<meta name=\"twitter:label1\" content=\"Est. reading time\" \/>\n\t<meta name=\"twitter:data1\" content=\"1 minute\" \/>\n<script type=\"application\/ld+json\" class=\"yoast-schema-graph\">{\"@context\":\"https:\\\/\\\/schema.org\",\"@graph\":[{\"@type\":\"WebPage\",\"@id\":\"https:\\\/\\\/labmare.dltm.it\\\/\",\"url\":\"https:\\\/\\\/labmare.dltm.it\\\/\",\"name\":\"Home - Lab MARE - DLTM\",\"isPartOf\":{\"@id\":\"https:\\\/\\\/labmare.dltm.it\\\/#website\"},\"datePublished\":\"2020-08-19T16:08:38+00:00\",\"dateModified\":\"2025-07-02T12:33:57+00:00\",\"description\":\"Il Laboratorio Mare \u00e8 un progetto del DLTM, che ha le finalit\u00e0 di monitorare la qualit\u00e0 delle acque e dell\u2019ambiente marino\",\"breadcrumb\":{\"@id\":\"https:\\\/\\\/labmare.dltm.it\\\/#breadcrumb\"},\"inLanguage\":\"en-US\",\"potentialAction\":[{\"@type\":\"ReadAction\",\"target\":[\"https:\\\/\\\/labmare.dltm.it\\\/\"]}]},{\"@type\":\"BreadcrumbList\",\"@id\":\"https:\\\/\\\/labmare.dltm.it\\\/#breadcrumb\",\"itemListElement\":[{\"@type\":\"ListItem\",\"position\":1,\"name\":\"Home\",\"item\":\"https:\\\/\\\/labmare.dltm.it\\\/\"},{\"@type\":\"ListItem\",\"position\":2,\"name\":\"Laboratorio Mare DLTM\"}]},{\"@type\":\"WebSite\",\"@id\":\"https:\\\/\\\/labmare.dltm.it\\\/#website\",\"url\":\"https:\\\/\\\/labmare.dltm.it\\\/\",\"name\":\"Lab MARE DLTM\",\"description\":\"DLTM - Progetto Lab Mare\",\"publisher\":{\"@id\":\"https:\\\/\\\/labmare.dltm.it\\\/#organization\"},\"alternateName\":\"LAB MARE DLTM\",\"potentialAction\":[{\"@type\":\"SearchAction\",\"target\":{\"@type\":\"EntryPoint\",\"urlTemplate\":\"https:\\\/\\\/labmare.dltm.it\\\/?s={search_term_string}\"},\"query-input\":{\"@type\":\"PropertyValueSpecification\",\"valueRequired\":true,\"valueName\":\"search_term_string\"}}],\"inLanguage\":\"en-US\"},{\"@type\":\"Organization\",\"@id\":\"https:\\\/\\\/labmare.dltm.it\\\/#organization\",\"name\":\"DLTM - Progetto Lab MARE\",\"alternateName\":\"LAB MARE - Polo DLTM\",\"url\":\"https:\\\/\\\/labmare.dltm.it\\\/\",\"logo\":{\"@type\":\"ImageObject\",\"inLanguage\":\"en-US\",\"@id\":\"https:\\\/\\\/labmare.dltm.it\\\/#\\\/schema\\\/logo\\\/image\\\/\",\"url\":\"https:\\\/\\\/labmare.dltm.it\\\/wp-content\\\/uploads\\\/2023\\\/03\\\/Lab-Mare.jpg\",\"contentUrl\":\"https:\\\/\\\/labmare.dltm.it\\\/wp-content\\\/uploads\\\/2023\\\/03\\\/Lab-Mare.jpg\",\"width\":872,\"height\":871,\"caption\":\"DLTM - Progetto Lab MARE\"},\"image\":{\"@id\":\"https:\\\/\\\/labmare.dltm.it\\\/#\\\/schema\\\/logo\\\/image\\\/\"},\"sameAs\":[\"https:\\\/\\\/www.youtube.com\\\/@dltm-distrettoliguredellet297\"]}]}<\/script>\n<!-- \/ Yoast SEO plugin. -->","yoast_head_json":{"title":"Home - Lab MARE - DLTM","description":"Il Laboratorio Mare \u00e8 un progetto del DLTM, che ha le finalit\u00e0 di monitorare la qualit\u00e0 delle acque e dell\u2019ambiente marino","robots":{"index":"index","follow":"follow","max-snippet":"max-snippet:-1","max-image-preview":"max-image-preview:large","max-video-preview":"max-video-preview:-1"},"canonical":"https:\/\/labmare.dltm.it\/en\/","og_locale":"en_US","og_type":"article","og_title":"Home - Lab MARE - DLTM","og_description":"Il Laboratorio Mare \u00e8 un progetto del DLTM, che ha le finalit\u00e0 di monitorare la qualit\u00e0 delle acque e dell\u2019ambiente marino","og_url":"https:\/\/labmare.dltm.it\/en\/","og_site_name":"Lab MARE","article_modified_time":"2025-07-02T12:33:57+00:00","og_image":[{"width":872,"height":871,"url":"https:\/\/labmare.dltm.it\/wp-content\/uploads\/2023\/03\/Lab-Mare.jpg","type":"image\/jpeg"}],"twitter_card":"summary_large_image","twitter_misc":{"Est. reading time":"1 minute"},"schema":{"@context":"https:\/\/schema.org","@graph":[{"@type":"WebPage","@id":"https:\/\/labmare.dltm.it\/","url":"https:\/\/labmare.dltm.it\/","name":"Home - Lab MARE - DLTM","isPartOf":{"@id":"https:\/\/labmare.dltm.it\/#website"},"datePublished":"2020-08-19T16:08:38+00:00","dateModified":"2025-07-02T12:33:57+00:00","description":"Il Laboratorio Mare \u00e8 un progetto del DLTM, che ha le finalit\u00e0 di monitorare la qualit\u00e0 delle acque e dell\u2019ambiente marino","breadcrumb":{"@id":"https:\/\/labmare.dltm.it\/#breadcrumb"},"inLanguage":"en-US","potentialAction":[{"@type":"ReadAction","target":["https:\/\/labmare.dltm.it\/"]}]},{"@type":"BreadcrumbList","@id":"https:\/\/labmare.dltm.it\/#breadcrumb","itemListElement":[{"@type":"ListItem","position":1,"name":"Home","item":"https:\/\/labmare.dltm.it\/"},{"@type":"ListItem","position":2,"name":"Laboratorio Mare DLTM"}]},{"@type":"WebSite","@id":"https:\/\/labmare.dltm.it\/#website","url":"https:\/\/labmare.dltm.it\/","name":"Lab MARE DLTM","description":"DLTM - Progetto Lab Mare","publisher":{"@id":"https:\/\/labmare.dltm.it\/#organization"},"alternateName":"LAB MARE DLTM","potentialAction":[{"@type":"SearchAction","target":{"@type":"EntryPoint","urlTemplate":"https:\/\/labmare.dltm.it\/?s={search_term_string}"},"query-input":{"@type":"PropertyValueSpecification","valueRequired":true,"valueName":"search_term_string"}}],"inLanguage":"en-US"},{"@type":"Organization","@id":"https:\/\/labmare.dltm.it\/#organization","name":"DLTM - Progetto Lab MARE","alternateName":"LAB MARE - Polo DLTM","url":"https:\/\/labmare.dltm.it\/","logo":{"@type":"ImageObject","inLanguage":"en-US","@id":"https:\/\/labmare.dltm.it\/#\/schema\/logo\/image\/","url":"https:\/\/labmare.dltm.it\/wp-content\/uploads\/2023\/03\/Lab-Mare.jpg","contentUrl":"https:\/\/labmare.dltm.it\/wp-content\/uploads\/2023\/03\/Lab-Mare.jpg","width":872,"height":871,"caption":"DLTM - Progetto Lab MARE"},"image":{"@id":"https:\/\/labmare.dltm.it\/#\/schema\/logo\/image\/"},"sameAs":["https:\/\/www.youtube.com\/@dltm-distrettoliguredellet297"]}]}},"_links":{"self":[{"href":"https:\/\/labmare.dltm.it\/en\/wp-json\/wp\/v2\/pages\/4","targetHints":{"allow":["GET"]}}],"collection":[{"href":"https:\/\/labmare.dltm.it\/en\/wp-json\/wp\/v2\/pages"}],"about":[{"href":"https:\/\/labmare.dltm.it\/en\/wp-json\/wp\/v2\/types\/page"}],"author":[{"embeddable":true,"href":"https:\/\/labmare.dltm.it\/en\/wp-json\/wp\/v2\/users\/1"}],"replies":[{"embeddable":true,"href":"https:\/\/labmare.dltm.it\/en\/wp-json\/wp\/v2\/comments?post=4"}],"version-history":[{"count":13,"href":"https:\/\/labmare.dltm.it\/en\/wp-json\/wp\/v2\/pages\/4\/revisions"}],"predecessor-version":[{"id":16614,"href":"https:\/\/labmare.dltm.it\/en\/wp-json\/wp\/v2\/pages\/4\/revisions\/16614"}],"wp:attachment":[{"href":"https:\/\/labmare.dltm.it\/en\/wp-json\/wp\/v2\/media?parent=4"}],"curies":[{"name":"wp","href":"https:\/\/api.w.org\/{rel}","templated":true}]}}